{"id":2723,"date":"2020-12-08T03:53:49","date_gmt":"2020-12-08T03:53:49","guid":{"rendered":"https:\/\/freewalkingtoursbordeaux.com\/demo\/gallery\/"},"modified":"2023-05-25T10:47:11","modified_gmt":"2023-05-25T10:47:11","slug":"galeria","status":"publish","type":"page","link":"https:\/\/freewalkingtoursbordeaux.com\/es\/galeria\/","title":{"rendered":"GALERIA"},"content":{"rendered":"\t\t<div data-elementor-type=\"wp-page\" data-elementor-id=\"2723\" class=\"elementor elementor-2723\" data-elementor-post-type=\"page\">\n\t\t\t\t\t\t<section class=\"elementor-section elementor-top-section elementor-element elementor-element-1e41f7ea elementor-section-full_width elementor-section-height-default elementor-section-height-default row-top\" data-id=\"1e41f7ea\" data-element_type=\"section\">\n\t\t\t\t\t\t<div class=\"elementor-container elementor-column-gap-default\">\n\t\t\t\t\t<div class=\"elementor-column elementor-col-100 elementor-top-column elementor-element elementor-element-28040023\" data-id=\"28040023\" data-element_type=\"column\">\n\t\t\t<div class=\"elementor-widget-wrap elementor-element-populated\">\n\t\t\t\t\t\t<div class=\"elementor-element elementor-element-137d489e elementor-widget elementor-widget-gva_post_breadcrumb\" data-id=\"137d489e\" data-element_type=\"widget\" data-widget_type=\"gva_post_breadcrumb.default\">\n\t\t\t\t<div class=\"elementor-widget-container\">\n\t\t\t<div class=\"gva-element-gva_post_breadcrumb gva-element\">   \r\n<div class=\"post-breadcrumb\">\r\n   <div class=\"custom-breadcrumb \" >\r\n            <div class=\"breadcrumb-main\">\r\n        <div class=\"container\">\r\n          <div class=\"breadcrumb-container-inner\">\r\n            <h2 class=\"heading-title\">GALERIA<\/h2><ol class=\"breadcrumb\"><li><a href=\"https:\/\/freewalkingtoursbordeaux.com\/es\/\">Home<\/a> <\/li> <li class=\"active\">P\u00e1gina<\/li><\/ol>          <\/div>  \r\n        <\/div>   \r\n      <\/div>  \r\n   <\/div>\r\n<\/div>      \r\n\r\n<\/div>\t\t<\/div>\n\t\t\t\t<\/div>\n\t\t\t\t\t<\/div>\n\t\t<\/div>\n\t\t\t\t\t<\/div>\n\t\t<\/section>\n\t\t\t\t<section class=\"elementor-section elementor-top-section elementor-element elementor-element-7e9c1af9 elementor-section-boxed elementor-section-height-default elementor-section-height-default row-top\" data-id=\"7e9c1af9\" data-element_type=\"section\">\n\t\t\t\t\t\t<div class=\"elementor-container elementor-column-gap-default\">\n\t\t\t\t\t<div class=\"elementor-column elementor-col-100 elementor-top-column elementor-element elementor-element-27c9e840\" data-id=\"27c9e840\" data-element_type=\"column\">\n\t\t\t<div class=\"elementor-widget-wrap elementor-element-populated\">\n\t\t\t\t\t\t<div class=\"elementor-element elementor-element-660a1ac elementor-widget elementor-widget-heading\" data-id=\"660a1ac\" data-element_type=\"widget\" data-widget_type=\"heading.default\">\n\t\t\t\t<div class=\"elementor-widget-container\">\n\t\t\t<style>\/*! elementor - v3.19.0 - 05-02-2024 *\/\n.elementor-heading-title{padding:0;margin:0;line-height:1}.elementor-widget-heading .elementor-heading-title[class*=elementor-size-]>a{color:inherit;font-size:inherit;line-height:inherit}.elementor-widget-heading .elementor-heading-title.elementor-size-small{font-size:15px}.elementor-widget-heading .elementor-heading-title.elementor-size-medium{font-size:19px}.elementor-widget-heading .elementor-heading-title.elementor-size-large{font-size:29px}.elementor-widget-heading .elementor-heading-title.elementor-size-xl{font-size:39px}.elementor-widget-heading .elementor-heading-title.elementor-size-xxl{font-size:59px}<\/style><h1 class=\"elementor-heading-title elementor-size-default\">Galer\u00eda de im\u00e1genes de Burdeos<\/h1>\t\t<\/div>\n\t\t\t\t<\/div>\n\t\t\t\t<div class=\"elementor-element elementor-element-63700fe5 elementor-widget elementor-widget-gva-gallery\" data-id=\"63700fe5\" data-element_type=\"widget\" data-widget_type=\"gva-gallery.default\">\n\t\t\t\t<div class=\"elementor-widget-container\">\n\t\t\t<div class=\"gva-element-gva-gallery gva-element\">  \r\n  \t<div class=\"gva-gallery-grid clearfix\">\r\n\t\t<div class=\"gva-content-items\"> \r\n\t\t  \t<div class=\"lg-block-grid-3 md-block-grid-3 sm-block-grid-2 xs-block-grid-1 xx-block-grid-1\">\r\n\t\t\t \t<div class=\"item\">\r\n<div class=\"gallery-item\">\r\n\r\n               <div class=\"image\">\r\n            <img decoding=\"async\" src=\"https:\/\/freewalkingtoursbordeaux.com\/wp-content\/uploads\/2022\/02\/1.-Place-de-la-Bourse-600x590.jpg\" alt=\"\" \/>  \r\n         <\/div>\r\n         <a class=\"photo-gallery\" href=\"https:\/\/freewalkingtoursbordeaux.com\/wp-content\/uploads\/2022\/02\/1.-Place-de-la-Bourse.jpg\" data-elementor-lightbox-slideshow=\"gallery-qwrk\"><\/a>\r\n      \r\n      <div class=\"image-content\">\r\n         <div class=\"content-inner\">\r\n                                       <div class=\"sub-title\">Plaza de la Bolsa<\/div>\r\n                     <\/div>   \r\n      <\/div>\r\n\r\n   <\/div>\r\n<\/div><div class=\"item\">\r\n<div class=\"gallery-item\">\r\n\r\n               <div class=\"image\">\r\n            <img decoding=\"async\" src=\"https:\/\/freewalkingtoursbordeaux.com\/wp-content\/uploads\/2022\/03\/bordeaux-blog-image-2-600x600.jpg\" alt=\"\" \/>  \r\n         <\/div>\r\n         <a class=\"photo-gallery\" href=\"https:\/\/freewalkingtoursbordeaux.com\/wp-content\/uploads\/2022\/03\/bordeaux-blog-image-2.jpg\" data-elementor-lightbox-slideshow=\"gallery-qwrk\"><\/a>\r\n      \r\n      <div class=\"image-content\">\r\n         <div class=\"content-inner\">\r\n                                       <div class=\"sub-title\">Espejo de Agua<\/div>\r\n                     <\/div>   \r\n      <\/div>\r\n\r\n   <\/div>\r\n<\/div><div class=\"item\">\r\n<div class=\"gallery-item\">\r\n\r\n               <div class=\"image\">\r\n            <img decoding=\"async\" src=\"https:\/\/freewalkingtoursbordeaux.com\/wp-content\/uploads\/2022\/02\/3.-Porte-de-Aquitaine-600x590.jpg\" alt=\"\" \/>  \r\n         <\/div>\r\n         <a class=\"photo-gallery\" href=\"https:\/\/freewalkingtoursbordeaux.com\/wp-content\/uploads\/2022\/02\/3.-Porte-de-Aquitaine.jpg\" data-elementor-lightbox-slideshow=\"gallery-qwrk\"><\/a>\r\n      \r\n      <div class=\"image-content\">\r\n         <div class=\"content-inner\">\r\n                                       <div class=\"sub-title\">Puerta de Aquitania<\/div>\r\n                     <\/div>   \r\n      <\/div>\r\n\r\n   <\/div>\r\n<\/div><div class=\"item\">\r\n<div class=\"gallery-item\">\r\n\r\n               <div class=\"image\">\r\n            <img decoding=\"async\" src=\"https:\/\/freewalkingtoursbordeaux.com\/wp-content\/uploads\/2022\/03\/saint-emilion-wine-tour-photo-1-600x590.jpg\" alt=\"\" \/>  \r\n         <\/div>\r\n         <a class=\"photo-gallery\" href=\"https:\/\/freewalkingtoursbordeaux.com\/wp-content\/uploads\/2022\/03\/saint-emilion-wine-tour-photo-1.jpg\" data-elementor-lightbox-slideshow=\"gallery-qwrk\"><\/a>\r\n      \r\n      <div class=\"image-content\">\r\n         <div class=\"content-inner\">\r\n                                       <div class=\"sub-title\">Pueblo Saint Emilion<\/div>\r\n                     <\/div>   \r\n      <\/div>\r\n\r\n   <\/div>\r\n<\/div><div class=\"item\">\r\n<div class=\"gallery-item\">\r\n\r\n               <div class=\"image\">\r\n            <img decoding=\"async\" src=\"https:\/\/freewalkingtoursbordeaux.com\/wp-content\/uploads\/2022\/02\/14.-Super-Surprise-image-600x590.jpg\" alt=\"\" \/>  \r\n         <\/div>\r\n         <a class=\"photo-gallery\" href=\"https:\/\/freewalkingtoursbordeaux.com\/wp-content\/uploads\/2022\/02\/14.-Super-Surprise-image.jpg\" data-elementor-lightbox-slideshow=\"gallery-qwrk\"><\/a>\r\n      \r\n      <div class=\"image-content\">\r\n         <div class=\"content-inner\">\r\n                                       <div class=\"sub-title\">Un grupo feliz<\/div>\r\n                     <\/div>   \r\n      <\/div>\r\n\r\n   <\/div>\r\n<\/div><div class=\"item\">\r\n<div class=\"gallery-item\">\r\n\r\n               <div class=\"image\">\r\n            <img decoding=\"async\" src=\"https:\/\/freewalkingtoursbordeaux.com\/wp-content\/uploads\/2022\/02\/16.-Organic-Wine-Cheese-Tasting-Cheers-600x590.jpg\" alt=\"\" \/>  \r\n         <\/div>\r\n         <a class=\"photo-gallery\" href=\"https:\/\/freewalkingtoursbordeaux.com\/wp-content\/uploads\/2022\/02\/16.-Organic-Wine-Cheese-Tasting-Cheers-e1657123447794.jpg\" data-elementor-lightbox-slideshow=\"gallery-qwrk\"><\/a>\r\n      \r\n      <div class=\"image-content\">\r\n         <div class=\"content-inner\">\r\n                                       <div class=\"sub-title\">Cata de vino de Burdeos<\/div>\r\n                     <\/div>   \r\n      <\/div>\r\n\r\n   <\/div>\r\n<\/div><div class=\"item\">\r\n<div class=\"gallery-item\">\r\n\r\n               <div class=\"image\">\r\n            <img decoding=\"async\" src=\"https:\/\/freewalkingtoursbordeaux.com\/wp-content\/uploads\/2022\/02\/Fontaine-de-Quinconces-600x590.jpg\" alt=\"\" \/>  \r\n         <\/div>\r\n         <a class=\"photo-gallery\" href=\"https:\/\/freewalkingtoursbordeaux.com\/wp-content\/uploads\/2022\/02\/Fontaine-de-Quinconces.jpg\" data-elementor-lightbox-slideshow=\"gallery-qwrk\"><\/a>\r\n      \r\n      <div class=\"image-content\">\r\n         <div class=\"content-inner\">\r\n                                       <div class=\"sub-title\">Fontaine de Quinconces<\/div>\r\n                     <\/div>   \r\n      <\/div>\r\n\r\n   <\/div>\r\n<\/div><div class=\"item\">\r\n<div class=\"gallery-item\">\r\n\r\n               <div class=\"image\">\r\n            <img decoding=\"async\" src=\"https:\/\/freewalkingtoursbordeaux.com\/wp-content\/uploads\/2022\/02\/Guide-selfie-600x590.jpg\" alt=\"\" \/>  \r\n         <\/div>\r\n         <a class=\"photo-gallery\" href=\"https:\/\/freewalkingtoursbordeaux.com\/wp-content\/uploads\/2022\/02\/Guide-selfie.jpg\" data-elementor-lightbox-slideshow=\"gallery-qwrk\"><\/a>\r\n      \r\n      <div class=\"image-content\">\r\n         <div class=\"content-inner\">\r\n                                       <div class=\"sub-title\">Selfie con la guia<\/div>\r\n                     <\/div>   \r\n      <\/div>\r\n\r\n   <\/div>\r\n<\/div><div class=\"item\">\r\n<div class=\"gallery-item\">\r\n\r\n               <div class=\"image\">\r\n            <img decoding=\"async\" src=\"https:\/\/freewalkingtoursbordeaux.com\/wp-content\/uploads\/2022\/02\/La-cite-du-vin-600x590.jpg\" alt=\"\" \/>  \r\n         <\/div>\r\n         <a class=\"photo-gallery\" href=\"https:\/\/freewalkingtoursbordeaux.com\/wp-content\/uploads\/2022\/02\/La-cite-du-vin.jpg\" data-elementor-lightbox-slideshow=\"gallery-qwrk\"><\/a>\r\n      \r\n      <div class=\"image-content\">\r\n         <div class=\"content-inner\">\r\n                                       <div class=\"sub-title\">Mus\u00e9o - La ciudad del vino<\/div>\r\n                     <\/div>   \r\n      <\/div>\r\n\r\n   <\/div>\r\n<\/div><div class=\"item\">\r\n<div class=\"gallery-item\">\r\n\r\n               <div class=\"image\">\r\n            <img decoding=\"async\" src=\"https:\/\/freewalkingtoursbordeaux.com\/wp-content\/uploads\/2022\/06\/image00007-1-600x600.jpeg\" alt=\"\" \/>  \r\n         <\/div>\r\n         <a class=\"photo-gallery\" href=\"https:\/\/freewalkingtoursbordeaux.com\/wp-content\/uploads\/2022\/06\/image00007-1-scaled.jpeg\" data-elementor-lightbox-slideshow=\"gallery-qwrk\"><\/a>\r\n      \r\n      <div class=\"image-content\">\r\n         <div class=\"content-inner\">\r\n                                       <div class=\"sub-title\">Cathedrale St Andr\u00e9s<\/div>\r\n                     <\/div>   \r\n      <\/div>\r\n\r\n   <\/div>\r\n<\/div><div class=\"item\">\r\n<div class=\"gallery-item\">\r\n\r\n               <div class=\"image\">\r\n            <img decoding=\"async\" src=\"https:\/\/freewalkingtoursbordeaux.com\/wp-content\/uploads\/2022\/06\/IMG-4261-600x600.jpg\" alt=\"\" \/>  \r\n         <\/div>\r\n         <a class=\"photo-gallery\" href=\"https:\/\/freewalkingtoursbordeaux.com\/wp-content\/uploads\/2022\/06\/IMG-4261-scaled.jpg\" data-elementor-lightbox-slideshow=\"gallery-qwrk\"><\/a>\r\n      \r\n      <div class=\"image-content\">\r\n         <div class=\"content-inner\">\r\n                                       <div class=\"sub-title\">Puente de piedra<\/div>\r\n                     <\/div>   \r\n      <\/div>\r\n\r\n   <\/div>\r\n<\/div><div class=\"item\">\r\n<div class=\"gallery-item\">\r\n\r\n               <div class=\"image\">\r\n            <img decoding=\"async\" src=\"https:\/\/freewalkingtoursbordeaux.com\/wp-content\/uploads\/2022\/03\/Wine-tour-600x600.jpeg\" alt=\"\" \/>  \r\n         <\/div>\r\n         <a class=\"photo-gallery\" href=\"https:\/\/freewalkingtoursbordeaux.com\/wp-content\/uploads\/2022\/03\/Wine-tour-e1650736435715.jpeg\" data-elementor-lightbox-slideshow=\"gallery-qwrk\"><\/a>\r\n      \r\n      <div class=\"image-content\">\r\n         <div class=\"content-inner\">\r\n                                       <div class=\"sub-title\">Cata de Vino con queso<\/div>\r\n                     <\/div>   \r\n      <\/div>\r\n\r\n   <\/div>\r\n<\/div>\t\t  \t<\/div>\r\n\t\t<\/div>\r\n  \t<\/div>\r\n<\/div>\t\t<\/div>\n\t\t\t\t<\/div>\n\t\t\t\t\t<\/div>\n\t\t<\/div>\n\t\t\t\t\t<\/div>\n\t\t<\/section>\n\t\t\t\t<section class=\"elementor-section elementor-top-section elementor-element elementor-element-d17cf6d bg-row-theme elementor-section-boxed elementor-section-height-default elementor-section-height-default row-top\" data-id=\"d17cf6d\" data-element_type=\"section\" data-settings=\"{&quot;background_background&quot;:&quot;classic&quot;}\">\n\t\t\t\t\t\t<div class=\"elementor-container elementor-column-gap-default\">\n\t\t\t\t\t<div class=\"elementor-column elementor-col-50 elementor-top-column elementor-element elementor-element-96ecb3f\" data-id=\"96ecb3f\" data-element_type=\"column\">\n\t\t\t<div class=\"elementor-widget-wrap elementor-element-populated\">\n\t\t\t\t\t\t<div class=\"elementor-element elementor-element-5e7b743 elementor-widget elementor-widget-gva-heading-block\" data-id=\"5e7b743\" data-element_type=\"widget\" data-widget_type=\"gva-heading-block.default\">\n\t\t\t\t<div class=\"elementor-widget-container\">\n\t\t\t<div class=\"gva-element-gva-heading-block gva-element\">   <div class=\"align-left style-1 widget gsc-heading box-align-left auto-responsive\">\r\n      <div class=\"content-inner\">\r\n         \r\n                  \r\n                     <div class=\"sub-title\"><span>Planifique su viaje con nosotros<\/span><\/div>\r\n           \r\n         \r\n                     <h2 class=\"title\">\r\n               <span>\u00bfListo para una experiencia inolvidable?<\/span>\r\n            <\/h2>\r\n                  \r\n         \r\n      <\/div>\r\n   <\/div>\r\n<\/div>\t\t<\/div>\n\t\t\t\t<\/div>\n\t\t\t\t\t<\/div>\n\t\t<\/div>\n\t\t\t\t<div class=\"elementor-column elementor-col-50 elementor-top-column elementor-element elementor-element-eb5bac4\" data-id=\"eb5bac4\" data-element_type=\"column\">\n\t\t\t<div class=\"elementor-widget-wrap elementor-element-populated\">\n\t\t\t\t\t\t<div class=\"elementor-element elementor-element-5248ddc elementor-align-right elementor-widget elementor-widget-button\" data-id=\"5248ddc\" data-element_type=\"widget\" data-widget_type=\"button.default\">\n\t\t\t\t<div class=\"elementor-widget-container\">\n\t\t\t\t\t<div class=\"elementor-button-wrapper\">\n\t\t\t<a class=\"elementor-button elementor-button-link elementor-size-sm\" href=\"https:\/\/freewalkingtoursbordeaux.com\/es\/\">\n\t\t\t\t\t\t<span class=\"elementor-button-content-wrapper\">\n\t\t\t\t\t\t<span class=\"elementor-button-text\">RESERVAR TOUR AHORA<\/span>\n\t\t<\/span>\n\t\t\t\t\t<\/a>\n\t\t<\/div>\n\t\t\t\t<\/div>\n\t\t\t\t<\/div>\n\t\t\t\t\t<\/div>\n\t\t<\/div>\n\t\t\t\t\t<\/div>\n\t\t<\/section>\n\t\t\t\t<\/div>\n\t\t","protected":false},"excerpt":{"rendered":"<p>GALERIA Home Page Galer\u00eda de im\u00e1genes de Burdeos Plaza de la Bolsa Espejo de Agua Puerta de Aquitania Pueblo Saint Emilion Un grupo feliz Cata de vino de Burdeos Fontaine de Quinconces Selfie con la guia Mus\u00e9o &#8211; La ciudad del vino Cathedrale St Andr\u00e9s Puente de piedra Cata de Vino con queso Planifique su [&hellip;]<\/p>\n","protected":false},"author":1,"featured_media":0,"parent":0,"menu_order":0,"comment_status":"closed","ping_status":"closed","template":"","meta":{"footnotes":"","_joinchat":{"telephone":"+33758523293"}},"yoast_head":"<!-- This site is optimized with the Yoast SEO plugin v22.0 - https:\/\/yoast.com\/wordpress\/plugins\/seo\/ -->\n<title>Galer\u00eda de Im\u00e1genes - Tours Gratis en Burdeos<\/title>\n<meta name=\"description\" content=\"Echa un vistazo a nuestra galer\u00eda y descubre im\u00e1genes sobre Burdeos y nuestros tours. Visita esa gran ciudad de la mano de nuestros gu\u00edas\" \/>\n<meta name=\"robots\" content=\"index, follow, max-snippet:-1, max-image-preview:large, max-video-preview:-1\" \/>\n<link rel=\"canonical\" href=\"http:\/\/freewalkingtoursbordeaux.com\/es\/galeria\/\" \/>\n<meta property=\"og:locale\" content=\"es_ES\" \/>\n<meta property=\"og:type\" content=\"article\" \/>\n<meta property=\"og:title\" content=\"Galer\u00eda de Im\u00e1genes - Tours Gratis en Burdeos\" \/>\n<meta property=\"og:description\" content=\"Echa un vistazo a nuestra galer\u00eda y descubre im\u00e1genes sobre Burdeos y nuestros tours. Visita esa gran ciudad de la mano de nuestros gu\u00edas\" \/>\n<meta property=\"og:url\" content=\"http:\/\/freewalkingtoursbordeaux.com\/es\/galeria\/\" \/>\n<meta property=\"og:site_name\" content=\"Free walking tours Bordeaux\" \/>\n<meta property=\"article:modified_time\" content=\"2023-05-25T10:47:11+00:00\" \/>\n<meta property=\"og:image\" content=\"https:\/\/freewalkingtoursbordeaux.com\/wp-content\/uploads\/2022\/02\/1.-Place-de-la-Bourse-600x590.jpg\" \/>\n<meta name=\"twitter:card\" content=\"summary_large_image\" \/>\n<meta name=\"twitter:label1\" content=\"Tiempo de lectura\" \/>\n\t<meta name=\"twitter:data1\" content=\"3 minutos\" \/>\n<script type=\"application\/ld+json\" class=\"yoast-schema-graph\">{\"@context\":\"https:\/\/schema.org\",\"@graph\":[{\"@type\":\"WebPage\",\"@id\":\"http:\/\/freewalkingtoursbordeaux.com\/es\/galeria\/\",\"url\":\"http:\/\/freewalkingtoursbordeaux.com\/es\/galeria\/\",\"name\":\"Galer\u00eda de Im\u00e1genes - Tours Gratis en Burdeos\",\"isPartOf\":{\"@id\":\"http:\/\/freewalkingtoursbordeaux.com\/#website\"},\"datePublished\":\"2020-12-08T03:53:49+00:00\",\"dateModified\":\"2023-05-25T10:47:11+00:00\",\"description\":\"Echa un vistazo a nuestra galer\u00eda y descubre im\u00e1genes sobre Burdeos y nuestros tours. Visita esa gran ciudad de la mano de nuestros gu\u00edas\",\"breadcrumb\":{\"@id\":\"http:\/\/freewalkingtoursbordeaux.com\/es\/galeria\/#breadcrumb\"},\"inLanguage\":\"es\",\"potentialAction\":[{\"@type\":\"ReadAction\",\"target\":[\"http:\/\/freewalkingtoursbordeaux.com\/es\/galeria\/\"]}]},{\"@type\":\"BreadcrumbList\",\"@id\":\"http:\/\/freewalkingtoursbordeaux.com\/es\/galeria\/#breadcrumb\",\"itemListElement\":[{\"@type\":\"ListItem\",\"position\":1,\"name\":\"Home\",\"item\":\"http:\/\/freewalkingtoursbordeaux.com\/es\/\"},{\"@type\":\"ListItem\",\"position\":2,\"name\":\"GALERIA\"}]},{\"@type\":\"WebSite\",\"@id\":\"http:\/\/freewalkingtoursbordeaux.com\/#website\",\"url\":\"http:\/\/freewalkingtoursbordeaux.com\/\",\"name\":\"Free walking tours Bordeaux\",\"description\":\"The best way to discover Bordeaux is with us. Your friendly &amp; passionate guide will show you the beautiful city Bordeaux, its culture and. its history.\",\"potentialAction\":[{\"@type\":\"SearchAction\",\"target\":{\"@type\":\"EntryPoint\",\"urlTemplate\":\"http:\/\/freewalkingtoursbordeaux.com\/?s={search_term_string}\"},\"query-input\":\"required name=search_term_string\"}],\"inLanguage\":\"es\"}]}<\/script>\n<!-- \/ Yoast SEO plugin. -->","yoast_head_json":{"title":"Galer\u00eda de Im\u00e1genes - Tours Gratis en Burdeos","description":"Echa un vistazo a nuestra galer\u00eda y descubre im\u00e1genes sobre Burdeos y nuestros tours. Visita esa gran ciudad de la mano de nuestros gu\u00edas","robots":{"index":"index","follow":"follow","max-snippet":"max-snippet:-1","max-image-preview":"max-image-preview:large","max-video-preview":"max-video-preview:-1"},"canonical":"http:\/\/freewalkingtoursbordeaux.com\/es\/galeria\/","og_locale":"es_ES","og_type":"article","og_title":"Galer\u00eda de Im\u00e1genes - Tours Gratis en Burdeos","og_description":"Echa un vistazo a nuestra galer\u00eda y descubre im\u00e1genes sobre Burdeos y nuestros tours. Visita esa gran ciudad de la mano de nuestros gu\u00edas","og_url":"http:\/\/freewalkingtoursbordeaux.com\/es\/galeria\/","og_site_name":"Free walking tours Bordeaux","article_modified_time":"2023-05-25T10:47:11+00:00","og_image":[{"url":"https:\/\/freewalkingtoursbordeaux.com\/wp-content\/uploads\/2022\/02\/1.-Place-de-la-Bourse-600x590.jpg"}],"twitter_card":"summary_large_image","twitter_misc":{"Tiempo de lectura":"3 minutos"},"schema":{"@context":"https:\/\/schema.org","@graph":[{"@type":"WebPage","@id":"http:\/\/freewalkingtoursbordeaux.com\/es\/galeria\/","url":"http:\/\/freewalkingtoursbordeaux.com\/es\/galeria\/","name":"Galer\u00eda de Im\u00e1genes - Tours Gratis en Burdeos","isPartOf":{"@id":"http:\/\/freewalkingtoursbordeaux.com\/#website"},"datePublished":"2020-12-08T03:53:49+00:00","dateModified":"2023-05-25T10:47:11+00:00","description":"Echa un vistazo a nuestra galer\u00eda y descubre im\u00e1genes sobre Burdeos y nuestros tours. Visita esa gran ciudad de la mano de nuestros gu\u00edas","breadcrumb":{"@id":"http:\/\/freewalkingtoursbordeaux.com\/es\/galeria\/#breadcrumb"},"inLanguage":"es","potentialAction":[{"@type":"ReadAction","target":["http:\/\/freewalkingtoursbordeaux.com\/es\/galeria\/"]}]},{"@type":"BreadcrumbList","@id":"http:\/\/freewalkingtoursbordeaux.com\/es\/galeria\/#breadcrumb","itemListElement":[{"@type":"ListItem","position":1,"name":"Home","item":"http:\/\/freewalkingtoursbordeaux.com\/es\/"},{"@type":"ListItem","position":2,"name":"GALERIA"}]},{"@type":"WebSite","@id":"http:\/\/freewalkingtoursbordeaux.com\/#website","url":"http:\/\/freewalkingtoursbordeaux.com\/","name":"Free walking tours Bordeaux","description":"The best way to discover Bordeaux is with us. Your friendly &amp; passionate guide will show you the beautiful city Bordeaux, its culture and. its history.","potentialAction":[{"@type":"SearchAction","target":{"@type":"EntryPoint","urlTemplate":"http:\/\/freewalkingtoursbordeaux.com\/?s={search_term_string}"},"query-input":"required name=search_term_string"}],"inLanguage":"es"}]}},"_links":{"self":[{"href":"https:\/\/freewalkingtoursbordeaux.com\/es\/wp-json\/wp\/v2\/pages\/2723"}],"collection":[{"href":"https:\/\/freewalkingtoursbordeaux.com\/es\/wp-json\/wp\/v2\/pages"}],"about":[{"href":"https:\/\/freewalkingtoursbordeaux.com\/es\/wp-json\/wp\/v2\/types\/page"}],"author":[{"embeddable":true,"href":"https:\/\/freewalkingtoursbordeaux.com\/es\/wp-json\/wp\/v2\/users\/1"}],"replies":[{"embeddable":true,"href":"https:\/\/freewalkingtoursbordeaux.com\/es\/wp-json\/wp\/v2\/comments?post=2723"}],"version-history":[{"count":0,"href":"https:\/\/freewalkingtoursbordeaux.com\/es\/wp-json\/wp\/v2\/pages\/2723\/revisions"}],"wp:attachment":[{"href":"https:\/\/freewalkingtoursbordeaux.com\/es\/wp-json\/wp\/v2\/media?parent=2723"}],"curies":[{"name":"wp","href":"https:\/\/api.w.org\/{rel}","templated":true}]}}