{"id":2789,"date":"2022-03-09T07:59:17","date_gmt":"2022-03-09T07:59:17","guid":{"rendered":"https:\/\/freewalkingtoursbordeaux.com\/demo\/privacy-policy\/"},"modified":"2023-03-06T08:04:06","modified_gmt":"2023-03-06T08:04:06","slug":"politica-de-privacidad","status":"publish","type":"page","link":"https:\/\/freewalkingtoursbordeaux.com\/es\/politica-de-privacidad\/","title":{"rendered":"POL\u00cdTICA DE PRIVACIDAD"},"content":{"rendered":"\t\t<div data-elementor-type=\"wp-page\" data-elementor-id=\"2789\" class=\"elementor elementor-2789\" data-elementor-post-type=\"page\">\n\t\t\t\t\t\t<section class=\"elementor-section elementor-top-section elementor-element elementor-element-15884dc6 elementor-section-boxed elementor-section-height-default elementor-section-height-default row-top\" data-id=\"15884dc6\" data-element_type=\"section\">\n\t\t\t\t\t\t<div class=\"elementor-container elementor-column-gap-default\">\n\t\t\t\t\t<div class=\"elementor-column elementor-col-100 elementor-top-column elementor-element elementor-element-1ffa8763\" data-id=\"1ffa8763\" data-element_type=\"column\">\n\t\t\t<div class=\"elementor-widget-wrap elementor-element-populated\">\n\t\t\t\t\t\t<div class=\"elementor-element elementor-element-58fff1f7 elementor-widget elementor-widget-text-editor\" data-id=\"58fff1f7\" data-element_type=\"widget\" data-widget_type=\"text-editor.default\">\n\t\t\t\t<div class=\"elementor-widget-container\">\n\t\t\t<style>\/*! elementor - v3.19.0 - 05-02-2024 *\/\n.elementor-widget-text-editor.elementor-drop-cap-view-stacked .elementor-drop-cap{background-color:#69727d;color:#fff}.elementor-widget-text-editor.elementor-drop-cap-view-framed .elementor-drop-cap{color:#69727d;border:3px solid;background-color:transparent}.elementor-widget-text-editor:not(.elementor-drop-cap-view-default) .elementor-drop-cap{margin-top:8px}.elementor-widget-text-editor:not(.elementor-drop-cap-view-default) .elementor-drop-cap-letter{width:1em;height:1em}.elementor-widget-text-editor .elementor-drop-cap{float:left;text-align:center;line-height:1;font-size:50px}.elementor-widget-text-editor .elementor-drop-cap-letter{display:inline-block}<\/style>\t\t\t\t<p>Pol\u00edtica de privacidad de Free Walking Tours of Bordeaux<\/p><p><br \/>Los datos (datos de identificaci\u00f3n personal, direcci\u00f3n de correo electr\u00f3nico, n\u00famero de tel\u00e9fono) se recopilan y procesan con el fin de gestionar su estancia y la experiencia con nosotros (incluyendo la reserva, seguimiento, pago, evaluaci\u00f3n de la satisfacci\u00f3n, informaci\u00f3n).\u00a0<\/p><p>Usted nos proporciona directamente la mayor\u00eda de los datos que recopilamos. Recopilamos datos y los procesamos cuando usted:<\/p><p>Reg\u00edstrese en l\u00ednea, escriba un mensaje o realice un pedido para cualquiera de nuestros productos o servicios.<br \/>Completar voluntariamente una encuesta al cliente o proporcionar comentarios sobre cualquiera de nuestros foros de mensajes o por correo electr\u00f3nico.<br \/>Utilice o vea nuestro sitio web a trav\u00e9s de las cookies de su navegador.<\/p><p>Toda la informaci\u00f3n, ya sea de datos, bases de datos, procedimientos o documentos que ambas partes compartan en cualquier formato o soporte ser\u00e1 tratada por nosotros con absoluta confidencialidad y no los enviaremos, asignaremos a ninguna otra parte ni los utilizaremos para ning\u00fan otro fin. La cl\u00e1usula de confidencialidad permanecer\u00e1 en vigor indefinidamente despu\u00e9s de la terminaci\u00f3n del servicio o tour.Los datos son almacenados por nuestro sitio web.<\/p><p>Para su uso con fines de prospecci\u00f3n comercial, solicitamos su consentimiento de acuerdo con las normas del RGPD.\u00a0<\/p><p>De acuerdo con las disposiciones de la Ley de Pol\u00edtica de Privacidad, tiene derecho a acceder a sus datos, el derecho a la modificaci\u00f3n, el derecho a la cancelaci\u00f3n y el derecho a la oposici\u00f3n, que puede ejercer bien poni\u00e9ndose en contacto con nosotros por correo electr\u00f3nico a contact@freewalkingtoursbordeaux.com, o escribiendo una carta indicando su nombre, nombre y direcci\u00f3n postal.<\/p><p>Nuestra empresa almacena sus datos de forma segura en Burdeos.<\/p><p>Nuestra empresa mantendr\u00e1 su nombre, segundo nombre, correo electr\u00f3nico, n\u00famero de tel\u00e9fono, foto, v\u00eddeo, hasta que la empresa quiere. Una vez cerrada la empresa, sus datos ser\u00e1n borrados.<\/p><p>Pol\u00edticas de privacidad de otros sitios web<\/p><p>Nuestro sitio web contiene enlaces a otros sitios web. Nuestra pol\u00edtica de privacidad se aplica solo a nuestro sitio web, por lo que si hace clic en un enlace a otro sitio web, debe leer su pol\u00edtica de privacidad.<\/p><p>Cambios en nuestra pol\u00edtica de privacidad<\/p><p>Free Walking Tours Burdeos mantiene su pol\u00edtica de privacidad.<\/p><p>\u00a0<\/p><p>Free Walking Tours Bordeaux mantiene su pol\u00edtica de privacidad bajo revisi\u00f3n regular y coloca cualquier actualizaci\u00f3n en esta p\u00e1gina web. Esta pol\u00edtica de privacidad se actualiz\u00f3 por \u00faltima vez el 30. enero de 2021.<\/p><p>Sin embargo, si todav\u00eda est\u00e1 buscando m\u00e1s informaci\u00f3n, puede ponerse en contacto con nosotros a trav\u00e9s de uno de nuestros m\u00e9todos de contacto preferidos:<\/p><p>Correo electr\u00f3nico: contact@freewalkingtoursbordeaux.com<br \/>Visitando este enlace: www.freewalkingtoursbordeaux.com\u00a0<\/p>\t\t\t\t\t\t<\/div>\n\t\t\t\t<\/div>\n\t\t\t\t\t<\/div>\n\t\t<\/div>\n\t\t\t\t\t<\/div>\n\t\t<\/section>\n\t\t\t\t<\/div>\n\t\t","protected":false},"excerpt":{"rendered":"<p>Pol\u00edtica de privacidad de Free Walking Tours of Bordeaux Los datos (datos de identificaci\u00f3n personal, direcci\u00f3n de correo electr\u00f3nico, n\u00famero de tel\u00e9fono) se recopilan y procesan con el fin de gestionar su estancia y la experiencia con nosotros (incluyendo la reserva, seguimiento, pago, evaluaci\u00f3n de la satisfacci\u00f3n, informaci\u00f3n).&nbsp; Usted nos proporciona directamente la mayor\u00eda de [&hellip;]<\/p>\n","protected":false},"author":1,"featured_media":0,"parent":0,"menu_order":0,"comment_status":"closed","ping_status":"closed","template":"","meta":{"footnotes":"","_joinchat":{"telephone":"+33758523293"}},"yoast_head":"<!-- This site is optimized with the Yoast SEO plugin v22.0 - https:\/\/yoast.com\/wordpress\/plugins\/seo\/ -->\n<title>POL\u00cdTICA DE PRIVACIDAD - Free walking tours Bordeaux<\/title>\n<meta name=\"robots\" content=\"noindex, follow\" \/>\n<meta property=\"og:locale\" content=\"es_ES\" \/>\n<meta property=\"og:type\" content=\"article\" \/>\n<meta property=\"og:title\" content=\"POL\u00cdTICA DE PRIVACIDAD - Free walking tours Bordeaux\" \/>\n<meta property=\"og:description\" content=\"Pol\u00edtica de privacidad de Free Walking Tours of Bordeaux Los datos (datos de identificaci\u00f3n personal, direcci\u00f3n de correo electr\u00f3nico, n\u00famero de tel\u00e9fono) se recopilan y procesan con el fin de gestionar su estancia y la experiencia con nosotros (incluyendo la reserva, seguimiento, pago, evaluaci\u00f3n de la satisfacci\u00f3n, informaci\u00f3n).&nbsp; Usted nos proporciona directamente la mayor\u00eda de [&hellip;]\" \/>\n<meta property=\"og:url\" content=\"https:\/\/freewalkingtoursbordeaux.com\/es\/politica-de-privacidad\/\" \/>\n<meta property=\"og:site_name\" content=\"Free walking tours Bordeaux\" \/>\n<meta property=\"article:modified_time\" content=\"2023-03-06T08:04:06+00:00\" \/>\n<meta name=\"twitter:card\" content=\"summary_large_image\" \/>\n<meta name=\"twitter:label1\" content=\"Tiempo de lectura\" \/>\n\t<meta name=\"twitter:data1\" content=\"2 minutos\" \/>\n<script type=\"application\/ld+json\" class=\"yoast-schema-graph\">{\"@context\":\"https:\/\/schema.org\",\"@graph\":[{\"@type\":\"WebPage\",\"@id\":\"https:\/\/freewalkingtoursbordeaux.com\/es\/politica-de-privacidad\/\",\"url\":\"https:\/\/freewalkingtoursbordeaux.com\/es\/politica-de-privacidad\/\",\"name\":\"POL\u00cdTICA DE PRIVACIDAD - Free walking tours Bordeaux\",\"isPartOf\":{\"@id\":\"https:\/\/freewalkingtoursbordeaux.com\/#website\"},\"datePublished\":\"2022-03-09T07:59:17+00:00\",\"dateModified\":\"2023-03-06T08:04:06+00:00\",\"breadcrumb\":{\"@id\":\"https:\/\/freewalkingtoursbordeaux.com\/es\/politica-de-privacidad\/#breadcrumb\"},\"inLanguage\":\"es\",\"potentialAction\":[{\"@type\":\"ReadAction\",\"target\":[\"https:\/\/freewalkingtoursbordeaux.com\/es\/politica-de-privacidad\/\"]}]},{\"@type\":\"BreadcrumbList\",\"@id\":\"https:\/\/freewalkingtoursbordeaux.com\/es\/politica-de-privacidad\/#breadcrumb\",\"itemListElement\":[{\"@type\":\"ListItem\",\"position\":1,\"name\":\"Home\",\"item\":\"https:\/\/freewalkingtoursbordeaux.com\/es\/\"},{\"@type\":\"ListItem\",\"position\":2,\"name\":\"POL\u00cdTICA DE PRIVACIDAD\"}]},{\"@type\":\"WebSite\",\"@id\":\"https:\/\/freewalkingtoursbordeaux.com\/#website\",\"url\":\"https:\/\/freewalkingtoursbordeaux.com\/\",\"name\":\"Free walking tours Bordeaux\",\"description\":\"The best way to discover Bordeaux is with us. Your friendly &amp; passionate guide will show you the beautiful city Bordeaux, its culture and. its history.\",\"potentialAction\":[{\"@type\":\"SearchAction\",\"target\":{\"@type\":\"EntryPoint\",\"urlTemplate\":\"https:\/\/freewalkingtoursbordeaux.com\/?s={search_term_string}\"},\"query-input\":\"required name=search_term_string\"}],\"inLanguage\":\"es\"}]}<\/script>\n<!-- \/ Yoast SEO plugin. -->","yoast_head_json":{"title":"POL\u00cdTICA DE PRIVACIDAD - Free walking tours Bordeaux","robots":{"index":"noindex","follow":"follow"},"og_locale":"es_ES","og_type":"article","og_title":"POL\u00cdTICA DE PRIVACIDAD - Free walking tours Bordeaux","og_description":"Pol\u00edtica de privacidad de Free Walking Tours of Bordeaux Los datos (datos de identificaci\u00f3n personal, direcci\u00f3n de correo electr\u00f3nico, n\u00famero de tel\u00e9fono) se recopilan y procesan con el fin de gestionar su estancia y la experiencia con nosotros (incluyendo la reserva, seguimiento, pago, evaluaci\u00f3n de la satisfacci\u00f3n, informaci\u00f3n).&nbsp; Usted nos proporciona directamente la mayor\u00eda de [&hellip;]","og_url":"https:\/\/freewalkingtoursbordeaux.com\/es\/politica-de-privacidad\/","og_site_name":"Free walking tours Bordeaux","article_modified_time":"2023-03-06T08:04:06+00:00","twitter_card":"summary_large_image","twitter_misc":{"Tiempo de lectura":"2 minutos"},"schema":{"@context":"https:\/\/schema.org","@graph":[{"@type":"WebPage","@id":"https:\/\/freewalkingtoursbordeaux.com\/es\/politica-de-privacidad\/","url":"https:\/\/freewalkingtoursbordeaux.com\/es\/politica-de-privacidad\/","name":"POL\u00cdTICA DE PRIVACIDAD - Free walking tours Bordeaux","isPartOf":{"@id":"https:\/\/freewalkingtoursbordeaux.com\/#website"},"datePublished":"2022-03-09T07:59:17+00:00","dateModified":"2023-03-06T08:04:06+00:00","breadcrumb":{"@id":"https:\/\/freewalkingtoursbordeaux.com\/es\/politica-de-privacidad\/#breadcrumb"},"inLanguage":"es","potentialAction":[{"@type":"ReadAction","target":["https:\/\/freewalkingtoursbordeaux.com\/es\/politica-de-privacidad\/"]}]},{"@type":"BreadcrumbList","@id":"https:\/\/freewalkingtoursbordeaux.com\/es\/politica-de-privacidad\/#breadcrumb","itemListElement":[{"@type":"ListItem","position":1,"name":"Home","item":"https:\/\/freewalkingtoursbordeaux.com\/es\/"},{"@type":"ListItem","position":2,"name":"POL\u00cdTICA DE PRIVACIDAD"}]},{"@type":"WebSite","@id":"https:\/\/freewalkingtoursbordeaux.com\/#website","url":"https:\/\/freewalkingtoursbordeaux.com\/","name":"Free walking tours Bordeaux","description":"The best way to discover Bordeaux is with us. Your friendly &amp; passionate guide will show you the beautiful city Bordeaux, its culture and. its history.","potentialAction":[{"@type":"SearchAction","target":{"@type":"EntryPoint","urlTemplate":"https:\/\/freewalkingtoursbordeaux.com\/?s={search_term_string}"},"query-input":"required name=search_term_string"}],"inLanguage":"es"}]}},"_links":{"self":[{"href":"https:\/\/freewalkingtoursbordeaux.com\/es\/wp-json\/wp\/v2\/pages\/2789"}],"collection":[{"href":"https:\/\/freewalkingtoursbordeaux.com\/es\/wp-json\/wp\/v2\/pages"}],"about":[{"href":"https:\/\/freewalkingtoursbordeaux.com\/es\/wp-json\/wp\/v2\/types\/page"}],"author":[{"embeddable":true,"href":"https:\/\/freewalkingtoursbordeaux.com\/es\/wp-json\/wp\/v2\/users\/1"}],"replies":[{"embeddable":true,"href":"https:\/\/freewalkingtoursbordeaux.com\/es\/wp-json\/wp\/v2\/comments?post=2789"}],"version-history":[{"count":0,"href":"https:\/\/freewalkingtoursbordeaux.com\/es\/wp-json\/wp\/v2\/pages\/2789\/revisions"}],"wp:attachment":[{"href":"https:\/\/freewalkingtoursbordeaux.com\/es\/wp-json\/wp\/v2\/media?parent=2789"}],"curies":[{"name":"wp","href":"https:\/\/api.w.org\/{rel}","templated":true}]}}